{"id":5533,"date":"2026-03-16T11:11:40","date_gmt":"2026-03-16T11:11:40","guid":{"rendered":"https:\/\/arura.hu\/website2\/?post_type=product&#038;p=5533"},"modified":"2026-03-21T19:05:18","modified_gmt":"2026-03-21T19:05:18","slug":"thymian-co%e2%82%82-extrakt","status":"publish","type":"product","link":"https:\/\/arura.hu\/website2\/de\/uzlet\/co2-auszuge\/thymian-co%e2%82%82-extrakt\/","title":{"rendered":"Thymian CO\u2082-Extrakt"},"content":{"rendered":"<p>Thymian wird in der Volksmedizin seit langem bei Erk\u00e4ltungen mit schleimigem Husten eingesetzt, um das Abhusten von Sekreten zu erleichtern.<br \/>\nEr ist eine ausgezeichnete antiseptische, krampfl\u00f6sende und verdauungsf\u00f6rdernde Heilpflanze, die die Entgiftungsprozesse des K\u00f6rpers unterst\u00fctzen und das Immunsystem st\u00e4rken kann.<\/p>\n<p>Dosierung: Zweimal t\u00e4glich 3 Tropfen empfohlen.<br \/>\nDie empfohlene Tagesdosis nicht \u00fcberschreiten.<br \/>\nVor Gebrauch gut sch\u00fctteln.<\/p>\n<p>CO\u2082-Extrakte sind konzentrierter und wirksamer als mit anderen Verfahren gewonnene \u00d6le und enthalten keine L\u00f6sungsmittelr\u00fcckst\u00e4nde, D\u00fcngemittelverbindungen oder Schwermetalle.<\/p>\n<p>Quelle: Dezs\u0151 Csupor: <i>Pirulakalauz<\/i>, PharMagist Bt., 2020<\/p>\n<p>&nbsp;<\/p>\n<p><b>Gegenanzeigen \/ Warnhinweis<\/b><\/p>\n<p>Nicht empfohlen f\u00fcr Schwangere, Stillende und Kinder unter 6 Jahren.<br \/>\nEs k\u00f6nnen Magenreizungen und \u00dcberempfindlichkeitsreaktionen auftreten.<\/p>\n<p>Die hier aufgef\u00fchrten Wirkungen und Anwendungsgebiete basieren auf Fachliteratur und klinischen Studien und dienen ausschlie\u00dflich der Information; sie ersetzen keine Behandlung durch qualifiziertes medizinisches Fachpersonal.<br \/>\nBei der Anwendung von Extrakten ist stets Vorsicht geboten, insbesondere w\u00e4hrend Schwangerschaft und Stillzeit, bei Kindern, \u00e4lteren oder geschw\u00e4chten Personen sowie bei bestehenden gesundheitlichen Problemen. Holen Sie fachlichen Rat ein.<br \/>\nVerwenden Sie das Produkt stets gem\u00e4\u00df den Anwendungsempfehlungen.<\/p>\n","protected":false},"excerpt":{"rendered":"<p>Lateinischer Name: <i>Thymus vulgaris<\/i><br \/>\nHerkunft: Ungarn<br \/>\nVerwendeter Pflanzenteil: bl\u00fchende, bebl\u00e4tterte Triebe<br \/>\nExtraktionsverfahren: superkritische CO\u2082-Extraktion<\/p>\n","protected":false},"featured_media":5546,"template":"","meta":{"site-sidebar-layout":"default","site-content-layout":"","ast-site-content-layout":"default","site-content-style":"default","site-sidebar-style":"default","ast-global-header-display":"","ast-banner-title-visibility":"","ast-main-header-display":"","ast-hfb-above-header-display":"","ast-hfb-below-header-display":"","ast-hfb-mobile-header-display":"","site-post-title":"","ast-breadcrumbs-content":"","ast-featured-img":"","footer-sml-layout":"","ast-disable-related-posts":"","theme-transparent-header-meta":"default","adv-header-id-meta":"","stick-header-meta":"","header-above-stick-meta":"","header-main-stick-meta":"","header-below-stick-meta":"","astra-migrate-meta-layouts":"set","ast-page-background-enabled":"default","ast-page-background-meta":{"desktop":{"background-color":"var(--ast-global-color-4)","background-image":"","background-repeat":"repeat","background-position":"center center","background-size":"auto","background-attachment":"scroll","background-type":"","background-media":"","overlay-type":"","overlay-color":"","overlay-opacity":"","overlay-gradient":""},"tablet":{"background-color":"","background-image":"","background-repeat":"repeat","background-position":"center center","background-size":"auto","background-attachment":"scroll","background-type":"","background-media":"","overlay-type":"","overlay-color":"","overlay-opacity":"","overlay-gradient":""},"mobile":{"background-color":"","background-image":"","background-repeat":"repeat","background-position":"center center","background-size":"auto","background-attachment":"scroll","background-type":"","background-media":"","overlay-type":"","overlay-color":"","overlay-opacity":"","overlay-gradient":""}},"ast-content-background-meta":{"desktop":{"background-color":"var(--ast-global-color-5)","background-image":"","background-repeat":"repeat","background-position":"center center","background-size":"auto","background-attachment":"scroll","background-type":"","background-media":"","overlay-type":"","overlay-color":"","overlay-opacity":"","overlay-gradient":""},"tablet":{"background-color":"var(--ast-global-color-5)","background-image":"","background-repeat":"repeat","background-position":"center center","background-size":"auto","background-attachment":"scroll","background-type":"","background-media":"","overlay-type":"","overlay-color":"","overlay-opacity":"","overlay-gradient":""},"mobile":{"background-color":"var(--ast-global-color-5)","background-image":"","background-repeat":"repeat","background-position":"center center","background-size":"auto","background-attachment":"scroll","background-type":"","background-media":"","overlay-type":"","overlay-color":"","overlay-opacity":"","overlay-gradient":""}}},"product_brand":[],"product_cat":[92],"product_tag":[],"class_list":{"0":"post-5533","1":"product","2":"type-product","3":"status-publish","4":"has-post-thumbnail","6":"product_cat-co2-auszuge","7":"desktop-align-center","8":"tablet-align-left","9":"mobile-align-left","11":"first","12":"instock","13":"sale","14":"taxable","15":"shipping-taxable","16":"purchasable","17":"product-type-variable"},"lang":"de","translations":{"de":5533,"en":5531,"hu":4662},"pll_sync_post":[],"_links":{"self":[{"href":"https:\/\/arura.hu\/website2\/wp-json\/wp\/v2\/product\/5533","targetHints":{"allow":["GET"]}}],"collection":[{"href":"https:\/\/arura.hu\/website2\/wp-json\/wp\/v2\/product"}],"about":[{"href":"https:\/\/arura.hu\/website2\/wp-json\/wp\/v2\/types\/product"}],"wp:featuredmedia":[{"embeddable":true,"href":"https:\/\/arura.hu\/website2\/wp-json\/wp\/v2\/media\/5546"}],"wp:attachment":[{"href":"https:\/\/arura.hu\/website2\/wp-json\/wp\/v2\/media?parent=5533"}],"wp:term":[{"taxonomy":"product_brand","embeddable":true,"href":"https:\/\/arura.hu\/website2\/wp-json\/wp\/v2\/product_brand?post=5533"},{"taxonomy":"product_cat","embeddable":true,"href":"https:\/\/arura.hu\/website2\/wp-json\/wp\/v2\/product_cat?post=5533"},{"taxonomy":"product_tag","embeddable":true,"href":"https:\/\/arura.hu\/website2\/wp-json\/wp\/v2\/product_tag?post=5533"}],"curies":[{"name":"wp","href":"https:\/\/api.w.org\/{rel}","templated":true}]}}