{"id":5501,"date":"2026-03-16T11:05:26","date_gmt":"2026-03-16T11:05:26","guid":{"rendered":"https:\/\/arura.hu\/website2\/?post_type=product&#038;p=5501"},"modified":"2026-03-21T18:57:45","modified_gmt":"2026-03-21T18:57:45","slug":"zitronenmelisse-co%e2%82%82-extrakt","status":"publish","type":"product","link":"https:\/\/arura.hu\/website2\/de\/uzlet\/co2-auszuge\/zitronenmelisse-co%e2%82%82-extrakt\/","title":{"rendered":"Zitronenmelisse CO\u2082-Extrakt"},"content":{"rendered":"<p>Die Zitronenmelisse ist bekannt f\u00fcr ihre stressl\u00f6sende, beruhigende, verdauungsf\u00f6rdernde und appetitanregende Wirkung. Ihre Anwendung als Nahrungserg\u00e4nzung kann helfen, Angstzust\u00e4nde zu reduzieren, Symptome von Depressionen zu lindern und Schlafst\u00f6rungen zu verbessern. Ihr hoher Flavonoidgehalt kann zur St\u00e4rkung des Immunsystems beitragen.<\/p>\n<p>Dosierung: Zweimal t\u00e4glich 3 Tropfen empfohlen.<br \/>\nDie empfohlene Tagesdosis nicht \u00fcberschreiten.<br \/>\nVor Gebrauch gut sch\u00fctteln.<\/p>\n<p>CO\u2082-Extrakte sind konzentrierter und wirksamer als mit anderen Verfahren gewonnene \u00d6le und enthalten keine L\u00f6sungsmittelr\u00fcckst\u00e4nde, D\u00fcngemittelverbindungen oder Schwermetalle.<\/p>\n<p>Quelle: Dezs\u0151 Csupor: <i>Pirulakalauz<\/i>, PharMagist Bt., 2020<\/p>\n<p>&nbsp;<\/p>\n<p><b>Warnhinweis<\/b><\/p>\n<p>W\u00e4hrend Schwangerschaft und Stillzeit wird eine R\u00fccksprache mit einer medizinischen Fachperson empfohlen.<\/p>\n<p>Die hier aufgef\u00fchrten Wirkungen und Anwendungsgebiete basieren auf Fachliteratur und klinischen Studien und dienen ausschlie\u00dflich der Information; sie ersetzen keine Behandlung durch qualifiziertes medizinisches Fachpersonal.<br \/>\nBei der Anwendung von Extrakten ist stets Vorsicht geboten, insbesondere w\u00e4hrend Schwangerschaft und Stillzeit, bei Kindern, \u00e4lteren oder geschw\u00e4chten Personen sowie bei bestehenden gesundheitlichen Problemen. Holen Sie in solchen F\u00e4llen fachlichen Rat ein.<br \/>\nVerwenden Sie das Produkt stets gem\u00e4\u00df den Anwendungsempfehlungen.<\/p>\n","protected":false},"excerpt":{"rendered":"<p>Lateinischer Name: <i>Melissa officinalis<\/i><br \/>\nHerkunft: Ungarn<br \/>\nVerwendeter Pflanzenteil: bl\u00fchende, bebl\u00e4tterte Triebe<br \/>\nExtraktionsverfahren: superkritische CO\u2082-Extraktion<\/p>\n","protected":false},"featured_media":5514,"template":"","meta":{"site-sidebar-layout":"default","site-content-layout":"","ast-site-content-layout":"default","site-content-style":"default","site-sidebar-style":"default","ast-global-header-display":"","ast-banner-title-visibility":"","ast-main-header-display":"","ast-hfb-above-header-display":"","ast-hfb-below-header-display":"","ast-hfb-mobile-header-display":"","site-post-title":"","ast-breadcrumbs-content":"","ast-featured-img":"","footer-sml-layout":"","ast-disable-related-posts":"","theme-transparent-header-meta":"default","adv-header-id-meta":"","stick-header-meta":"","header-above-stick-meta":"","header-main-stick-meta":"","header-below-stick-meta":"","astra-migrate-meta-layouts":"set","ast-page-background-enabled":"default","ast-page-background-meta":{"desktop":{"background-color":"var(--ast-global-color-4)","background-image":"","background-repeat":"repeat","background-position":"center center","background-size":"auto","background-attachment":"scroll","background-type":"","background-media":"","overlay-type":"","overlay-color":"","overlay-opacity":"","overlay-gradient":""},"tablet":{"background-color":"","background-image":"","background-repeat":"repeat","background-position":"center center","background-size":"auto","background-attachment":"scroll","background-type":"","background-media":"","overlay-type":"","overlay-color":"","overlay-opacity":"","overlay-gradient":""},"mobile":{"background-color":"","background-image":"","background-repeat":"repeat","background-position":"center center","background-size":"auto","background-attachment":"scroll","background-type":"","background-media":"","overlay-type":"","overlay-color":"","overlay-opacity":"","overlay-gradient":""}},"ast-content-background-meta":{"desktop":{"background-color":"var(--ast-global-color-5)","background-image":"","background-repeat":"repeat","background-position":"center center","background-size":"auto","background-attachment":"scroll","background-type":"","background-media":"","overlay-type":"","overlay-color":"","overlay-opacity":"","overlay-gradient":""},"tablet":{"background-color":"var(--ast-global-color-5)","background-image":"","background-repeat":"repeat","background-position":"center center","background-size":"auto","background-attachment":"scroll","background-type":"","background-media":"","overlay-type":"","overlay-color":"","overlay-opacity":"","overlay-gradient":""},"mobile":{"background-color":"var(--ast-global-color-5)","background-image":"","background-repeat":"repeat","background-position":"center center","background-size":"auto","background-attachment":"scroll","background-type":"","background-media":"","overlay-type":"","overlay-color":"","overlay-opacity":"","overlay-gradient":""}}},"product_brand":[],"product_cat":[92],"product_tag":[],"class_list":{"0":"post-5501","1":"product","2":"type-product","3":"status-publish","4":"has-post-thumbnail","6":"product_cat-co2-auszuge","7":"desktop-align-center","8":"tablet-align-left","9":"mobile-align-left","11":"first","12":"instock","13":"sale","14":"taxable","15":"shipping-taxable","16":"purchasable","17":"product-type-variable"},"lang":"de","translations":{"de":5501,"en":5498,"hu":4640},"pll_sync_post":[],"_links":{"self":[{"href":"https:\/\/arura.hu\/website2\/wp-json\/wp\/v2\/product\/5501","targetHints":{"allow":["GET"]}}],"collection":[{"href":"https:\/\/arura.hu\/website2\/wp-json\/wp\/v2\/product"}],"about":[{"href":"https:\/\/arura.hu\/website2\/wp-json\/wp\/v2\/types\/product"}],"wp:featuredmedia":[{"embeddable":true,"href":"https:\/\/arura.hu\/website2\/wp-json\/wp\/v2\/media\/5514"}],"wp:attachment":[{"href":"https:\/\/arura.hu\/website2\/wp-json\/wp\/v2\/media?parent=5501"}],"wp:term":[{"taxonomy":"product_brand","embeddable":true,"href":"https:\/\/arura.hu\/website2\/wp-json\/wp\/v2\/product_brand?post=5501"},{"taxonomy":"product_cat","embeddable":true,"href":"https:\/\/arura.hu\/website2\/wp-json\/wp\/v2\/product_cat?post=5501"},{"taxonomy":"product_tag","embeddable":true,"href":"https:\/\/arura.hu\/website2\/wp-json\/wp\/v2\/product_tag?post=5501"}],"curies":[{"name":"wp","href":"https:\/\/api.w.org\/{rel}","templated":true}]}}