{"id":4679,"date":"2025-01-24T10:18:59","date_gmt":"2025-01-24T10:18:59","guid":{"rendered":"https:\/\/arura.hu\/website2\/?post_type=product&#038;p=4679"},"modified":"2026-03-21T19:00:30","modified_gmt":"2026-03-21T19:00:30","slug":"egynyari-urom-co2-extraktum","status":"publish","type":"product","link":"https:\/\/arura.hu\/website2\/uzlet\/extraktum\/egynyari-urom-co2-extraktum\/","title":{"rendered":"Egyny\u00e1ri \u00fcr\u00f6m CO2 extraktum"},"content":{"rendered":"<p>Az artemisinin az Egyny\u00e1ri \u00fcr\u00f6m (Artemisia annua) hat\u00f3anyaga. Sok \u00a0\u00e9vvel ezel\u0151tt a mal\u00e1ria gy\u00f3gy\u00edt\u00e1s\u00e1ra m\u00e1r haszn\u00e1lt\u00e1k K\u00edn\u00e1ban.\u00a0\u00a0Hat\u00e1s\u00e1nak alapja, hogy programozott sejthal\u00e1lt ind\u00edt be minden szokatlanul magas vastartalm\u00fa sejtben\u00a0\u00a0(a mal\u00e1ri\u00e1val fert\u0151z\u00f6tt sejt j\u00f3val magasabb vastartalm\u00fa, mint az eg\u00e9szs\u00e9ges sejtek).<br \/>\nA Covid-19 megjelen\u00e9s\u00e9hez kapcsol\u00f3d\u00f3 szakirodalom \u00e9s klinikai vizsg\u00e1latok bebizonyitott\u00e1k, hogy az egyny\u00e1ri \u00fcr\u00f6mnek komoly v\u00edrus\u00f6l\u0151 \u00e9s bakt\u00e9rium\u00f6l\u0151 hat\u00e1sa is van. Az Egyes\u00fclt \u00c1llamok kutat\u00f3i kimutatt\u00e1k, hogy az Artemisia Annua nev\u0171 gy\u00f3gyn\u00f6v\u00e9ny\u00a0kivonatai\u00a0g\u00e1tolj\u00e1k a s\u00falyos akut l\u00e9gz\u0151szervi koronav\u00edrus (SARS-CoV-2). \u2013 a jelenlegi 2019-es koronav\u00edrus-betegs\u00e9g (COVID-19) j\u00e1rv\u00e1ny \u2013 szaporod\u00e1s\u00e1t.<br \/>\nSaj\u00e1t szabadalom v\u00e9di az Artemisinin el\u0151\u00e1ll\u00edt\u00e1st.<br \/>\nAz analitikai vizsg\u00e1latokat a B\u00e1lint Analitika Kft EU akkredit\u00e1l laborat\u00f3rium v\u00e9gezte.<\/p>\n<p>Adagol\u00e1s: Napi 2 alkalommal 3 csepp javasolt.<br \/>\nA javasolt napi adagot ne l\u00e9pje t\u00fal!<br \/>\nHaszn\u00e1lat el\u0151tt felr\u00e1zand\u00f3!<\/p>\n<p>A CO2 kivonatok koncentr\u00e1ltabbak \u00e9s er\u0151sebbek, mint \u00a0a m\u00e1s elj\u00e1r\u00e1ssal kinyert olajok, nem tartalmaznak old\u00f3szermaradv\u00e1nyt, m\u0171tr\u00e1gya vegy\u00fcleteket, neh\u00e9zf\u00e9meket.<\/p>\n<p><strong style=\"font-size: 16px;\">Ellenjavallat \/ Figyelmeztet\u00e9s\u00a0<\/strong><\/p>\n<p>V\u00e1rand\u00f3soknak, szoptat\u00f3 any\u00e1knak \u00e9s 6 \u00e9v alatti gyermekeknek alkalmaz\u00e1sa nem javasolt!<br \/>\nFogyaszt\u00e1sa el\u0151tt eg\u00e9szs\u00e9g\u00fcgyi szakemberrel t\u00f6rt\u00e9n\u0151 konzult\u00e1ci\u00f3 javasolt.<\/p>\n<p>A szakirodalom \u00e9s a klinikai vizsg\u00e1latok alapj\u00e1n itt felsorolt hat\u00e1sok, felhaszn\u00e1l\u00e1si javallatok t\u00e1j\u00e9koztat\u00f3 jelleg\u0171ek, nem helyettes\u00edtik a szakk\u00e9pzett eg\u00e9szs\u00e9g\u00fcgyi szem\u00e9ly \u00e1ltal el\u0151\u00edrt kezel\u00e9st.<br \/>\nAz extraktumok haszn\u00e1lat\u00e1n\u00e1l minden esetben k\u00f6r\u00fcltekint\u0151en kell elj\u00e1rni! K\u00fcl\u00f6n\u00f6sen a v\u00e1rand\u00f3ss\u00e1g, a szoptat\u00e1s ideje alatt, kisgyermekekn\u00e9l, id\u0151s, legyeng\u00fclt szervezet\u0171 egy\u00e9nek eset\u00e9ben, valamint b\u00e1rmilyen eg\u00e9szs\u00e9g\u00fcgyi rendelleness\u00e9g eset\u00e9ben k\u00e9rje ki szakember v\u00e9lem\u00e9ny\u00e9t!<br \/>\nA term\u00e9ket mindig a felhaszn\u00e1l\u00e1si javaslatnak megfelel\u0151en haszn\u00e1lja!<\/p>\n","protected":false},"excerpt":{"rendered":"<p>Latin n\u00e9v: Artemisia annua<br \/>\nSz\u00e1rmaz\u00e1s: Magyarorsz\u00e1g<br \/>\nFelhaszn\u00e1lt n\u00f6v\u00e9nyi r\u00e9sz: a n\u00f6v\u00e9ny f\u00f6ld feletti r\u00e9sze<br \/>\nKivon\u00e1si elj\u00e1r\u00e1s: CO2 szuperkritikus extrakci\u00f3<\/p>\n","protected":false},"featured_media":4681,"template":"","meta":{"site-sidebar-layout":"default","site-content-layout":"","ast-site-content-layout":"default","site-content-style":"default","site-sidebar-style":"default","ast-global-header-display":"","ast-banner-title-visibility":"","ast-main-header-display":"","ast-hfb-above-header-display":"","ast-hfb-below-header-display":"","ast-hfb-mobile-header-display":"","site-post-title":"","ast-breadcrumbs-content":"","ast-featured-img":"","footer-sml-layout":"","ast-disable-related-posts":"","theme-transparent-header-meta":"default","adv-header-id-meta":"","stick-header-meta":"","header-above-stick-meta":"","header-main-stick-meta":"","header-below-stick-meta":"","astra-migrate-meta-layouts":"set","ast-page-background-enabled":"default","ast-page-background-meta":{"desktop":{"background-color":"var(--ast-global-color-4)","background-image":"","background-repeat":"repeat","background-position":"center center","background-size":"auto","background-attachment":"scroll","background-type":"","background-media":"","overlay-type":"","overlay-color":"","overlay-opacity":"","overlay-gradient":""},"tablet":{"background-color":"","background-image":"","background-repeat":"repeat","background-position":"center center","background-size":"auto","background-attachment":"scroll","background-type":"","background-media":"","overlay-type":"","overlay-color":"","overlay-opacity":"","overlay-gradient":""},"mobile":{"background-color":"","background-image":"","background-repeat":"repeat","background-position":"center center","background-size":"auto","background-attachment":"scroll","background-type":"","background-media":"","overlay-type":"","overlay-color":"","overlay-opacity":"","overlay-gradient":""}},"ast-content-background-meta":{"desktop":{"background-color":"var(--ast-global-color-5)","background-image":"","background-repeat":"repeat","background-position":"center center","background-size":"auto","background-attachment":"scroll","background-type":"","background-media":"","overlay-type":"","overlay-color":"","overlay-opacity":"","overlay-gradient":""},"tablet":{"background-color":"var(--ast-global-color-5)","background-image":"","background-repeat":"repeat","background-position":"center center","background-size":"auto","background-attachment":"scroll","background-type":"","background-media":"","overlay-type":"","overlay-color":"","overlay-opacity":"","overlay-gradient":""},"mobile":{"background-color":"var(--ast-global-color-5)","background-image":"","background-repeat":"repeat","background-position":"center center","background-size":"auto","background-attachment":"scroll","background-type":"","background-media":"","overlay-type":"","overlay-color":"","overlay-opacity":"","overlay-gradient":""}}},"product_brand":[],"product_cat":[43],"product_tag":[],"class_list":{"0":"post-4679","1":"product","2":"type-product","3":"status-publish","4":"has-post-thumbnail","6":"product_cat-extraktum","7":"desktop-align-center","8":"tablet-align-left","9":"mobile-align-left","11":"first","12":"instock","13":"taxable","14":"shipping-taxable","15":"purchasable","16":"product-type-variable"},"lang":"hu","translations":{"hu":4679,"en":5515,"de":5517},"pll_sync_post":[],"_links":{"self":[{"href":"https:\/\/arura.hu\/website2\/wp-json\/wp\/v2\/product\/4679","targetHints":{"allow":["GET"]}}],"collection":[{"href":"https:\/\/arura.hu\/website2\/wp-json\/wp\/v2\/product"}],"about":[{"href":"https:\/\/arura.hu\/website2\/wp-json\/wp\/v2\/types\/product"}],"wp:featuredmedia":[{"embeddable":true,"href":"https:\/\/arura.hu\/website2\/wp-json\/wp\/v2\/media\/4681"}],"wp:attachment":[{"href":"https:\/\/arura.hu\/website2\/wp-json\/wp\/v2\/media?parent=4679"}],"wp:term":[{"taxonomy":"product_brand","embeddable":true,"href":"https:\/\/arura.hu\/website2\/wp-json\/wp\/v2\/product_brand?post=4679"},{"taxonomy":"product_cat","embeddable":true,"href":"https:\/\/arura.hu\/website2\/wp-json\/wp\/v2\/product_cat?post=4679"},{"taxonomy":"product_tag","embeddable":true,"href":"https:\/\/arura.hu\/website2\/wp-json\/wp\/v2\/product_tag?post=4679"}],"curies":[{"name":"wp","href":"https:\/\/api.w.org\/{rel}","templated":true}]}}