{"id":4662,"date":"2025-01-21T12:56:06","date_gmt":"2025-01-21T12:56:06","guid":{"rendered":"https:\/\/arura.hu\/website2\/?post_type=product&#038;p=4662"},"modified":"2026-03-21T19:05:18","modified_gmt":"2026-03-21T19:05:18","slug":"kakukkfu-co2-extraktum","status":"publish","type":"product","link":"https:\/\/arura.hu\/website2\/uzlet\/extraktum\/kakukkfu-co2-extraktum\/","title":{"rendered":"Kakukkf\u0171 CO2 extraktum"},"content":{"rendered":"<p>A kakukkf\u00fcvet a n\u00e9pi gy\u00f3gy\u00e1szatban a hurutos k\u00f6h\u00f6g\u00e9ssel k\u00eds\u00e9rt megf\u00e1z\u00e1s eset\u00e9n a v\u00e1lad\u00e9k felszakad\u00e1s\u00e1nak el\u0151seg\u00edt\u00e9s\u00e9re m\u00e1r r\u00e9g\u00f3ta fogyasztj\u00e1k.<br \/>\nKiv\u00e1l\u00f3 fert\u0151tlen\u00edt\u0151, g\u00f6rcsold\u00f3, em\u00e9szt\u00e9st el\u0151seg\u00edt\u0151 hat\u00e1s\u00fa gy\u00f3gyn\u00f6v\u00e9ny, amely el\u0151seg\u00edtheti a szervezet k\u00e1ros anyagokt\u00f3l val\u00f3 m\u00e9regtelen\u00edt\u00e9s\u00e9t, t\u00e1mogathatja az immunrendszert.<\/p>\n<p>Adagol\u00e1s: Napi 2 alkalommal 3 csepp javasolt.<br \/>\nA javasolt napi adagot ne l\u00e9pje t\u00fal!<br \/>\nHaszn\u00e1lat el\u0151tt felr\u00e1zand\u00f3!<\/p>\n<p>A CO2 kivonatok koncentr\u00e1ltabbak \u00e9s er\u0151sebbek, mint \u00a0a m\u00e1s elj\u00e1r\u00e1ssal kinyert olajok, nem tartalmaznak old\u00f3szermaradv\u00e1nyt, m\u0171tr\u00e1gya vegy\u00fcleteket, neh\u00e9zf\u00e9meket.<\/p>\n<p>Forr\u00e1s: Csupor Dezs\u0151: Pirulakalauz PharMagist Bt. 2020<\/p>\n<p><strong style=\"font-size: 16px;\">Ellenjavallat \/ Figyelmeztet\u00e9s\u00a0<\/strong><\/p>\n<p>V\u00e1rand\u00f3soknak, szoptat\u00f3 any\u00e1knak \u00e9s 6 \u00e9v alatti gyermekeknek alkalmaz\u00e1sa nem javasolt!<br \/>\nAlkalmaz\u00e1sa eset\u00e9n gyomorirrit\u00e1ci\u00f3 \u00e9s t\u00fal\u00e9rz\u00e9kenys\u00e9gi reakci\u00f3 el\u0151fordulhat.<\/p>\n<p>A szakirodalom \u00e9s a klinikai vizsg\u00e1latok alapj\u00e1n itt felsorolt hat\u00e1sok, felhaszn\u00e1l\u00e1si javallatok t\u00e1j\u00e9koztat\u00f3 jelleg\u0171ek, nem helyettes\u00edtik a szakk\u00e9pzett eg\u00e9szs\u00e9g\u00fcgyi szem\u00e9ly \u00e1ltal el\u0151\u00edrt kezel\u00e9st.<br \/>\nAz extraktumok haszn\u00e1lat\u00e1n\u00e1l minden esetben k\u00f6r\u00fcltekint\u0151en kell elj\u00e1rni! K\u00fcl\u00f6n\u00f6sen a v\u00e1rand\u00f3ss\u00e1g, a szoptat\u00e1s ideje alatt, kisgyermekekn\u00e9l, id\u0151s, legyeng\u00fclt szervezet\u0171 egy\u00e9nek eset\u00e9ben, valamint b\u00e1rmilyen eg\u00e9szs\u00e9g\u00fcgyi rendelleness\u00e9g eset\u00e9ben k\u00e9rje ki szakember v\u00e9lem\u00e9ny\u00e9t!<br \/>\nA term\u00e9ket mindig a felhaszn\u00e1l\u00e1si javaslatnak megfelel\u0151en haszn\u00e1lja!<\/p>\n","protected":false},"excerpt":{"rendered":"<p>Latin n\u00e9v: Thymus vulgaris<br \/>\nSz\u00e1rmaz\u00e1s: Magyarorsz\u00e1g<br \/>\nFelhaszn\u00e1lt n\u00f6v\u00e9nyi r\u00e9sz: vir\u00e1gz\u00f3 leveles hajt\u00e1sok<br \/>\nKivon\u00e1si elj\u00e1r\u00e1s: CO2 szuperkritikus extrakci\u00f3<\/p>\n","protected":false},"featured_media":4664,"template":"","meta":{"site-sidebar-layout":"default","site-content-layout":"","ast-site-content-layout":"default","site-content-style":"default","site-sidebar-style":"default","ast-global-header-display":"","ast-banner-title-visibility":"","ast-main-header-display":"","ast-hfb-above-header-display":"","ast-hfb-below-header-display":"","ast-hfb-mobile-header-display":"","site-post-title":"","ast-breadcrumbs-content":"","ast-featured-img":"","footer-sml-layout":"","ast-disable-related-posts":"","theme-transparent-header-meta":"default","adv-header-id-meta":"","stick-header-meta":"","header-above-stick-meta":"","header-main-stick-meta":"","header-below-stick-meta":"","astra-migrate-meta-layouts":"set","ast-page-background-enabled":"default","ast-page-background-meta":{"desktop":{"background-color":"var(--ast-global-color-4)","background-image":"","background-repeat":"repeat","background-position":"center center","background-size":"auto","background-attachment":"scroll","background-type":"","background-media":"","overlay-type":"","overlay-color":"","overlay-opacity":"","overlay-gradient":""},"tablet":{"background-color":"","background-image":"","background-repeat":"repeat","background-position":"center center","background-size":"auto","background-attachment":"scroll","background-type":"","background-media":"","overlay-type":"","overlay-color":"","overlay-opacity":"","overlay-gradient":""},"mobile":{"background-color":"","background-image":"","background-repeat":"repeat","background-position":"center center","background-size":"auto","background-attachment":"scroll","background-type":"","background-media":"","overlay-type":"","overlay-color":"","overlay-opacity":"","overlay-gradient":""}},"ast-content-background-meta":{"desktop":{"background-color":"var(--ast-global-color-5)","background-image":"","background-repeat":"repeat","background-position":"center center","background-size":"auto","background-attachment":"scroll","background-type":"","background-media":"","overlay-type":"","overlay-color":"","overlay-opacity":"","overlay-gradient":""},"tablet":{"background-color":"var(--ast-global-color-5)","background-image":"","background-repeat":"repeat","background-position":"center center","background-size":"auto","background-attachment":"scroll","background-type":"","background-media":"","overlay-type":"","overlay-color":"","overlay-opacity":"","overlay-gradient":""},"mobile":{"background-color":"var(--ast-global-color-5)","background-image":"","background-repeat":"repeat","background-position":"center center","background-size":"auto","background-attachment":"scroll","background-type":"","background-media":"","overlay-type":"","overlay-color":"","overlay-opacity":"","overlay-gradient":""}}},"product_brand":[],"product_cat":[43],"product_tag":[],"class_list":{"0":"post-4662","1":"product","2":"type-product","3":"status-publish","4":"has-post-thumbnail","6":"product_cat-extraktum","7":"desktop-align-center","8":"tablet-align-left","9":"mobile-align-left","11":"first","12":"instock","13":"sale","14":"taxable","15":"shipping-taxable","16":"purchasable","17":"product-type-variable"},"lang":"hu","translations":{"hu":4662,"en":5531,"de":5533},"pll_sync_post":[],"_links":{"self":[{"href":"https:\/\/arura.hu\/website2\/wp-json\/wp\/v2\/product\/4662","targetHints":{"allow":["GET"]}}],"collection":[{"href":"https:\/\/arura.hu\/website2\/wp-json\/wp\/v2\/product"}],"about":[{"href":"https:\/\/arura.hu\/website2\/wp-json\/wp\/v2\/types\/product"}],"wp:featuredmedia":[{"embeddable":true,"href":"https:\/\/arura.hu\/website2\/wp-json\/wp\/v2\/media\/4664"}],"wp:attachment":[{"href":"https:\/\/arura.hu\/website2\/wp-json\/wp\/v2\/media?parent=4662"}],"wp:term":[{"taxonomy":"product_brand","embeddable":true,"href":"https:\/\/arura.hu\/website2\/wp-json\/wp\/v2\/product_brand?post=4662"},{"taxonomy":"product_cat","embeddable":true,"href":"https:\/\/arura.hu\/website2\/wp-json\/wp\/v2\/product_cat?post=4662"},{"taxonomy":"product_tag","embeddable":true,"href":"https:\/\/arura.hu\/website2\/wp-json\/wp\/v2\/product_tag?post=4662"}],"curies":[{"name":"wp","href":"https:\/\/api.w.org\/{rel}","templated":true}]}}