{"id":4640,"date":"2024-12-19T08:33:35","date_gmt":"2024-12-19T08:33:35","guid":{"rendered":"https:\/\/arura.hu\/website2\/?post_type=product&#038;p=4640"},"modified":"2026-03-21T18:57:45","modified_gmt":"2026-03-21T18:57:45","slug":"citromfu-co2-extraktum","status":"publish","type":"product","link":"https:\/\/arura.hu\/website2\/uzlet\/extraktum\/citromfu-co2-extraktum\/","title":{"rendered":"Citromf\u0171 CO2 extraktum"},"content":{"rendered":"<p>A citromf\u0171 stresszold\u00f3, nyugtat\u00f3, em\u00e9szt\u00e9st serkent\u0151, \u00e9tv\u00e1gyjav\u00edt\u00f3 hat\u00e1sa k\u00f6zismert. A citromf\u0171 \u00e9trendi alkalmaz\u00e1sa seg\u00edthet cs\u00f6kkenteni a szorong\u00e1st, enyh\u00edteni a depresszi\u00f3 t\u00fcneteit \u00e9s az alv\u00e1szavart. Magas flavonoid tartalma hozz\u00e1j\u00e1rulhat az immunrendszer er\u0151s\u00edt\u00e9s\u00e9hez.<\/p>\n<p>Adagol\u00e1s: Napi 2 alkalommal 3 csepp javasolt.<br \/>\nA javasolt napi adagot ne l\u00e9pje t\u00fal!<br \/>\nHaszn\u00e1lat el\u0151tt felr\u00e1zand\u00f3!<\/p>\n<p>A CO2 kivonatok koncentr\u00e1ltabbak \u00e9s er\u0151sebbek, mint \u00a0a m\u00e1s elj\u00e1r\u00e1ssal kinyert olajok, nem tartalmaznak old\u00f3szermaradv\u00e1nyt, m\u0171tr\u00e1gya vegy\u00fcleteket, neh\u00e9zf\u00e9meket.<\/p>\n<p>Forr\u00e1s: Csupor Dezs\u0151: Pirulakalauz PharMagist Bt. 2020<\/p>\n<p><strong style=\"font-size: 16px;\">Figyelmeztet\u00e9s\u00a0<\/strong><\/p>\n<p>A v\u00e1rand\u00f3ss\u00e1g, szoptat\u00e1s ideje alatti fogyaszt\u00e1s\u00e1r\u00f3l eg\u00e9szs\u00e9g\u00fcgyi szakemberrel t\u00f6rt\u00e9n\u0151 konzult\u00e1ci\u00f3 javasolt!<\/p>\n<p>A szakirodalom \u00e9s a klinikai vizsg\u00e1latok alapj\u00e1n itt felsorolt hat\u00e1sok, felhaszn\u00e1l\u00e1si javallatok t\u00e1j\u00e9koztat\u00f3 jelleg\u0171ek, nem helyettes\u00edtik a szakk\u00e9pzett eg\u00e9szs\u00e9g\u00fcgyi szem\u00e9ly \u00e1ltal el\u0151\u00edrt kezel\u00e9st.<br \/>\nAz extraktumok haszn\u00e1lat\u00e1n\u00e1l minden esetben k\u00f6r\u00fcltekint\u0151en kell elj\u00e1rni! K\u00fcl\u00f6n\u00f6sen a v\u00e1rand\u00f3ss\u00e1g, a szoptat\u00e1s ideje alatt, kisgyermekekn\u00e9l, id\u0151s, legyeng\u00fclt szervezet\u0171 egy\u00e9nek eset\u00e9ben, valamint b\u00e1rmilyen eg\u00e9szs\u00e9g\u00fcgyi rendelleness\u00e9g eset\u00e9ben k\u00e9rje ki szakember v\u00e9lem\u00e9ny\u00e9t!<br \/>\nA term\u00e9ket mindig a felhaszn\u00e1l\u00e1si javaslatnak megfelel\u0151en haszn\u00e1lja!<\/p>\n","protected":false},"excerpt":{"rendered":"<p>Latin n\u00e9v: Melissa officinalis<br \/>\nSz\u00e1rmaz\u00e1s: Magyarorsz\u00e1g<br \/>\nFelhaszn\u00e1lt n\u00f6v\u00e9nyi r\u00e9sz: vir\u00e1gz\u00f3 leveles hajt\u00e1sok<br \/>\nKivon\u00e1si elj\u00e1r\u00e1s: CO2 szuperkritikus extrakci\u00f3<\/p>\n","protected":false},"featured_media":4656,"template":"","meta":{"site-sidebar-layout":"default","site-content-layout":"","ast-site-content-layout":"default","site-content-style":"default","site-sidebar-style":"default","ast-global-header-display":"","ast-banner-title-visibility":"","ast-main-header-display":"","ast-hfb-above-header-display":"","ast-hfb-below-header-display":"","ast-hfb-mobile-header-display":"","site-post-title":"","ast-breadcrumbs-content":"","ast-featured-img":"","footer-sml-layout":"","ast-disable-related-posts":"","theme-transparent-header-meta":"default","adv-header-id-meta":"","stick-header-meta":"","header-above-stick-meta":"","header-main-stick-meta":"","header-below-stick-meta":"","astra-migrate-meta-layouts":"set","ast-page-background-enabled":"default","ast-page-background-meta":{"desktop":{"background-color":"var(--ast-global-color-4)","background-image":"","background-repeat":"repeat","background-position":"center center","background-size":"auto","background-attachment":"scroll","background-type":"","background-media":"","overlay-type":"","overlay-color":"","overlay-opacity":"","overlay-gradient":""},"tablet":{"background-color":"","background-image":"","background-repeat":"repeat","background-position":"center center","background-size":"auto","background-attachment":"scroll","background-type":"","background-media":"","overlay-type":"","overlay-color":"","overlay-opacity":"","overlay-gradient":""},"mobile":{"background-color":"","background-image":"","background-repeat":"repeat","background-position":"center center","background-size":"auto","background-attachment":"scroll","background-type":"","background-media":"","overlay-type":"","overlay-color":"","overlay-opacity":"","overlay-gradient":""}},"ast-content-background-meta":{"desktop":{"background-color":"var(--ast-global-color-5)","background-image":"","background-repeat":"repeat","background-position":"center center","background-size":"auto","background-attachment":"scroll","background-type":"","background-media":"","overlay-type":"","overlay-color":"","overlay-opacity":"","overlay-gradient":""},"tablet":{"background-color":"var(--ast-global-color-5)","background-image":"","background-repeat":"repeat","background-position":"center center","background-size":"auto","background-attachment":"scroll","background-type":"","background-media":"","overlay-type":"","overlay-color":"","overlay-opacity":"","overlay-gradient":""},"mobile":{"background-color":"var(--ast-global-color-5)","background-image":"","background-repeat":"repeat","background-position":"center center","background-size":"auto","background-attachment":"scroll","background-type":"","background-media":"","overlay-type":"","overlay-color":"","overlay-opacity":"","overlay-gradient":""}}},"product_brand":[],"product_cat":[43],"product_tag":[],"class_list":{"0":"post-4640","1":"product","2":"type-product","3":"status-publish","4":"has-post-thumbnail","6":"product_cat-extraktum","7":"desktop-align-center","8":"tablet-align-left","9":"mobile-align-left","11":"first","12":"instock","13":"sale","14":"taxable","15":"shipping-taxable","16":"purchasable","17":"product-type-variable"},"lang":"hu","translations":{"hu":4640,"en":5498,"de":5501},"pll_sync_post":[],"_links":{"self":[{"href":"https:\/\/arura.hu\/website2\/wp-json\/wp\/v2\/product\/4640","targetHints":{"allow":["GET"]}}],"collection":[{"href":"https:\/\/arura.hu\/website2\/wp-json\/wp\/v2\/product"}],"about":[{"href":"https:\/\/arura.hu\/website2\/wp-json\/wp\/v2\/types\/product"}],"wp:featuredmedia":[{"embeddable":true,"href":"https:\/\/arura.hu\/website2\/wp-json\/wp\/v2\/media\/4656"}],"wp:attachment":[{"href":"https:\/\/arura.hu\/website2\/wp-json\/wp\/v2\/media?parent=4640"}],"wp:term":[{"taxonomy":"product_brand","embeddable":true,"href":"https:\/\/arura.hu\/website2\/wp-json\/wp\/v2\/product_brand?post=4640"},{"taxonomy":"product_cat","embeddable":true,"href":"https:\/\/arura.hu\/website2\/wp-json\/wp\/v2\/product_cat?post=4640"},{"taxonomy":"product_tag","embeddable":true,"href":"https:\/\/arura.hu\/website2\/wp-json\/wp\/v2\/product_tag?post=4640"}],"curies":[{"name":"wp","href":"https:\/\/api.w.org\/{rel}","templated":true}]}}